{"id":3458,"date":"2022-11-01T12:02:56","date_gmt":"2022-11-01T15:02:56","guid":{"rendered":"https:\/\/zapp.tec.br\/site\/?page_id=3458"},"modified":"2022-11-01T12:02:58","modified_gmt":"2022-11-01T15:02:58","slug":"politica-de-privacidade","status":"publish","type":"page","link":"https:\/\/multigrow.tec.br\/?page_id=3458","title":{"rendered":"Pol\u00edtica de Privacidade"},"content":{"rendered":"\n<p><strong>Pol\u00edtica de Privacidade<\/strong><br>Quando voc\u00ea acessa o nosso site, voc\u00ea nos fornece alguns dados pessoais com o objetivo de viabilizar a sua navega\u00e7\u00e3o e opera\u00e7\u00e3o. Caso o usu\u00e1rio n\u00e3o concorde com qualquer dado a ser fornecido, n\u00e3o dever\u00e1 prosseguir com o acesso ao site.<\/p>\n\n\n\n<p>N\u00f3s prezamos pela seguran\u00e7a dos seus dados, pelo respeito a sua privacidade e pela transpar\u00eancia. Por tais motivos, elaboramos esse documento para explicar como os seus dados ser\u00e3o tratados e quais s\u00e3o as medidas que aplicamos para mant\u00ea-los seguros.<\/p>\n\n\n\n<p>Esta Pol\u00edtica de Privacidade se aplica a todos os nossos servi\u00e7os disponibilizados no site mzworkspace.com, exceto se especificado de outra forma.<\/p>\n\n\n\n<p>De pronto, faz-se necess\u00e1rio apontar que esse site \u00e9 de propriedade da empresa PARTNERS SISTEMAS E TECNOLOGIA DA INFORMA\u00c7\u00c3O, pessoa jur\u00eddica de direito privado, inscrita no CNPJ sob o n\u00ba 11.524.313\/0001-65, e voc\u00ea poder\u00e1 nos localizar na Rua carlos Gomes,336\/1001, Passo Fundo\/RS, CEP n\u00ba 99070-140.<\/p>\n\n\n\n<p><strong>1 &#8211; O que s\u00e3o dados pessoais?<\/strong><br>S\u00e3o quaisquer informa\u00e7\u00f5es que possam identific\u00e1-lo diretamente ou indiretamente, a\u00ed incluindo nome, endere\u00e7o telefone e de e-mail, CPF\/CNPJ, prefer\u00eancias pessoais, h\u00e1bitos de navega\u00e7\u00e3o, endere\u00e7o Internet Protocol (IP) do seu computador ou o endere\u00e7o Media Access Control (MAC) do seu dispositivo m\u00f3vel, al\u00e9m de qualquer outra informa\u00e7\u00e3o que possa identific\u00e1-lo e distingui-lo das demais pessoas f\u00edsicas ou jur\u00eddicas.<\/p>\n\n\n\n<p><br><strong>2 &#8211; Dados que coletamos<\/strong><br>Durante sua experi\u00eancia em nosso site, podemos coletar informa\u00e7\u00f5es de forma autom\u00e1tica, com o objetivo de confer\u00eancia, monitoramento, personaliza\u00e7\u00e3o, suporte e controle de dados, ou ainda coletar aquelas diretamente fornecidas por voc\u00ea, mediante cadastro.<\/p>\n\n\n\n<p>Neste sentido, vejamos, abaixo, alguns dos dados que podemos coletar em decorr\u00eancia ao acesso ao nosso site:<\/p>\n\n\n\n<p>&#8211; Endere\u00e7o de IP ou MAC, informa\u00e7\u00f5es sobre o dispositivo utilizado para a navega\u00e7\u00e3o, produtos e categorias pesquisados ou visualizados, contagem de visualiza\u00e7\u00f5es e geolocaliza\u00e7\u00e3o.<\/p>\n\n\n\n<p>Ainda, em caso de cadastro ou contrata\u00e7\u00e3o dos nossos servi\u00e7os, podemos coletar os seguintes dados:<\/p>\n\n\n\n<p>&#8211; Seu nome e\/ou da empresa (se for pessoa jur\u00eddica), n\u00famero de telefone fixo e celular, endere\u00e7o de e-mail, endere\u00e7o residencial e\/ou da empresa (se for pessoa jur\u00eddica), n\u00famero de CPF e\/ou CNPJ (se for pessoa jur\u00eddica), data de nascimento, produtos ou servi\u00e7os adquiridos, bem como sua quantidade e valor, natureza da transa\u00e7\u00e3o financeira, informa\u00e7\u00f5es da conta banc\u00e1ria ou dado do cart\u00e3o de cr\u00e9dito, informa\u00e7\u00f5es de renda e\/ou qualquer outro fornecido diretamente por voc\u00ea.<\/p>\n\n\n\n<p>Outras informa\u00e7\u00f5es que tamb\u00e9m poder\u00e3o ser coletadas, se necess\u00e1rio:<\/p>\n\n\n\n<p>&#8211; C\u00f3pias de documentos enviados por voc\u00ea, como a exemplo de comprovante de resid\u00eancia, dados banc\u00e1rios ou c\u00f3pia de um documento de identidade, geralmente utilizados para comprova\u00e7\u00e3o de seu cadastro ou valida\u00e7\u00e3o de sua identidade, Informa\u00e7\u00f5es sobre voc\u00ea que se tornaram p\u00fablicas ou que estejam dispon\u00edveis publicamente, informa\u00e7\u00f5es coletadas de terceiros como, por exemplo, complementos dos seus dados cadastrais (nome, filia\u00e7\u00e3o, data de nascimento, CPF, n\u00famero de telefone, endere\u00e7o, entre outros), score gerado por ag\u00eancias de cr\u00e9dito, e\/ou qualquer outra informa\u00e7\u00f5es fornecidas por voc\u00ea, voluntariamente.<\/p>\n\n\n\n<p><br><strong>3 &#8211; Como n\u00f3s utilizamos seus dados<\/strong><br>N\u00f3s utilizaremos seus dados, principalmente, para identific\u00e1-lo corretamente, entrar em contato com voc\u00ea, quando necess\u00e1rio, atrav\u00e9s de qualquer meio de comunica\u00e7\u00e3o (e-mail, liga\u00e7\u00e3o, mensagem de texto etc&#8230;), para realizar o atendimento de solicita\u00e7\u00f5es e retirar d\u00favidas, para identificar a melhor forma de atend\u00ea-lo, inclusive utilizando a sua geolocaliza\u00e7\u00e3o e para exibir an\u00fancio\/servi\u00e7os personalizados, se for o caso.<\/p>\n\n\n\n<p>Ainda, podemos utilizar os dados para auxiliar no diagn\u00f3stico e solu\u00e7\u00e3o de problemas t\u00e9cnicos, para desenvolver novas funcionalidades e melhorias nos nossos sistemas\/programas, melhorando a sua experi\u00eancia com nossos servi\u00e7os, para medidas de preventivas no combate a il\u00edcitos, fraudes, crimes financeiros e crimes de lavagem de dinheiro e\/ou de financiamento ao terrorismo.<\/p>\n\n\n\n<p><br><strong>4 &#8211; Com quem podemos compartilhar os seu dados<\/strong><br>N\u00f3s utilizamos seus dados para garantir um atendimento de qualidade e uma melhor experi\u00eancia quando voc\u00ea visita os nossos sites. Por isso, n\u00e3o disponibilizaremos ou comercializaremos seus dados com terceiros desconhecidos.<\/p>\n\n\n\n<p>Entretanto, podemos utilizar seus dados para garantir o cumprimento de obriga\u00e7\u00f5es legais ou garantir o exerc\u00edcio regular de direitos que nos s\u00e3o conferidos. Nesses casos, podemos utilizar e apresentar as informa\u00e7\u00f5es em processos judiciais e administrativos, caso necess\u00e1rio.<\/p>\n\n\n\n<p>Tamb\u00e9m podemos fornecer seus dados caso seja solicitado por alguma autoridade policial, judicial, autoridade competente ou \u00f3rg\u00e3o fiscalizador.<\/p>\n\n\n\n<p>Ainda, poderemos compartilhar os seus dados pessoais com outras empresas do nosso grupo, prestadores de servi\u00e7o ou parceiros, desde que tal ato seja necess\u00e1rio para a realiza\u00e7\u00e3o dos servi\u00e7os por voc\u00ea adquirido.<\/p>\n\n\n\n<p>Os dados pessoais coletados e\/ou tratados poder\u00e3o ser transferidos internacionalmente, atrav\u00e9s de parceiros que possuem processamento fora do territ\u00f3rio nacional.<\/p>\n\n\n\n<p>Obs.: Os pa\u00edses onde estes dados s\u00e3o processados podem ter outras leis que talvez sejam diferentes e potencialmente menos protetoras do que a Lei de Prote\u00e7\u00e3o de Dados Brasileira, mas tomaremos todas as medidas para que nossos parceiros adotem medidas para que esses dados permane\u00e7am totalmente seguros.<\/p>\n\n\n\n<p><br><strong>5 &#8211; Armazenamento e seguran\u00e7a dos seus dados<\/strong><\/p>\n\n\n\n<p><br>N\u00f3s armazenamos seus dados de forma segura, adotando todas as medidas legais aplic\u00e1veis, em conformidade com a Lei Geral de Prote\u00e7\u00e3o de Dados e suas futuras regulamenta\u00e7\u00f5es, garantindo a prote\u00e7\u00e3o e privacidade dos seus dados pessoais.<\/p>\n\n\n\n<p>Ressaltamos, entretanto, que nenhuma plataforma \u00e9 completamente segura e isenta de erros. Caso voc\u00ea tenha qualquer preocupa\u00e7\u00e3o com a seguran\u00e7a dos seus dados, por favor, entre em contato conosco por meio dos nossos canais de atendimento.<\/p>\n\n\n\n<p>Caso haja qualquer tipo de vazamento ou acesso n\u00e3o autorizado aos seus dados, n\u00f3s comunicaremos imediatamente \u00e0 Autoridade competente, informando tal epis\u00f3dio e quais os dados vazados, e tomaremos todas as medidas permitida pela Legisla\u00e7\u00e3o Brasileira para minimizar qualquer tipo de preju\u00edzo que esse fato possa causar, tentando identificar o causador do fato e tomando as medidas policiais, judiciais e administrativas poss\u00edveis.<\/p>\n\n\n\n<p><br><strong>6 &#8211; Dos programas de coleta de dados<\/strong><br>N\u00f3s podemos utilizar certas tecnologias autom\u00e1ticas para coletar as informa\u00e7\u00f5es das atividades realizadas nos nossos sites, como a exemplo, mas limitando-se \u00e0 cookies, pixels, web beacon e ferramentas de analytics.<\/p>\n\n\n\n<p>Essa tecnologia s\u00e3o pequenos arquivos enviados e armazenados no seu computador, celular ou tablet. Estes pequenos arquivos servem para reconhecer, acompanhar e armazenar a sua navega\u00e7\u00e3o como usu\u00e1rio na Internet.<\/p>\n\n\n\n<p>As informa\u00e7\u00f5es coletadas por meio de tais tecnologias s\u00e3o utilizadas para verificar a performance do nosso site, identificar poss\u00edveis problemas no uso, captar o comportamento dos usu\u00e1rios de forma geral e coletar dados de impress\u00e3o de conte\u00fado.<\/p>\n\n\n\n<p>N\u00f3s n\u00e3o armazenaremos os sites em que voc\u00ea navegou, nem guardaremos seu hist\u00f3rico ou mesmo iremos repassar esses dados a terceiros de qualquer esp\u00e9cie.<\/p>\n\n\n\n<p>Voc\u00ea poder\u00e1 desabilitar, por meio das configura\u00e7\u00f5es de seu navegador de internet, a coleta autom\u00e1tica de informa\u00e7\u00f5es por meio de algumas tecnologias, como cookies e caches. Nestes casos, certos servi\u00e7os poder\u00e3o n\u00e3o funcionar de maneira ideal, sem que isso possa ser de nossa responsabilidade.<\/p>\n\n\n\n<p><br><strong>7 &#8211; Seus direitos como titular dos dados fornecidos<\/strong><br>Conforme visto anteriormente, n\u00f3s utilizamos seus dados para garantir um atendimento de qualidade e uma melhor experi\u00eancia quando voc\u00ea visita os nossos sites, e por isso, n\u00e3o disponibilizamos ou comercializamos seus dados com terceiros desconhecidos.<\/p>\n\n\n\n<p>Entretanto, como titular das informa\u00e7\u00f5es pessoais, voc\u00ea poder\u00e1 exercer\/pleitear todos os direitos previstos na Lei Geral de Prote\u00e7\u00e3o de Dados, incluindo: Requerer o acesso aos seus dados pessoais, requer a confirma\u00e7\u00e3o da exist\u00eancia de tratamento dos dados, revogar o consentimento anteriormente dado, solicitar a corre\u00e7\u00e3o\/complemento dos seus dados, solicitar informa\u00e7\u00e3o sobre com quem suas informa\u00e7\u00f5es possam ter sido compartilhadas, dentre outros.<\/p>\n\n\n\n<p>Todas as solicita\u00e7\u00f5es enviadas por voc\u00ea ser\u00e3o tratadas de forma gratuita e ser\u00e3o submetidas a uma pr\u00e9via avalia\u00e7\u00e3o da sua identidade e da viabilidade do atendimento.<\/p>\n\n\n\n<p><br><strong>8 &#8211; Responsabilidade do usu\u00e1rio<\/strong><\/p>\n\n\n\n<p>Voc\u00ea \u00e9 o \u00fanico respons\u00e1vel pelas informa\u00e7\u00f5es que eventualmente prestar. Caso identifiquemos que foram usados dados falsos ou incorretos, poderemos cancelar o seu cadastro e excluir os dados fornecidos.<\/p>\n\n\n\n<p>Ao aceitar essa pol\u00edtica de dados, voc\u00ea n\u00e3o poder\u00e1 argumentar que n\u00e3o tinha conhecimento dos termos deste instrumento.<\/p>\n\n\n\n<p><br><strong>9 &#8211; Reten\u00e7\u00e3o e Exclus\u00e3o dos seus dados pessoais<\/strong><br>Os seus dados ser\u00e3o retidos pelo nosso sistema por prazo indeterminado.<\/p>\n\n\n\n<p>Quando aplic\u00e1vel, e mesmo que voc\u00ea opte por excluir seus dados pessoais da nossa base de cadastro, n\u00f3s poderemos reter alguns ou todos os seus dados pessoais por per\u00edodos adicionais para cumprimento de obriga\u00e7\u00f5es legais, para o exerc\u00edcio regular de direitos, para fins de auditoria de diversas naturezas ou para cumprimento de qualquer outro dever que justifique a reten\u00e7\u00e3o destes dados.<\/p>\n\n\n\n<p><br><strong>10 &#8211; Altera\u00e7\u00e3o da pol\u00edtica de privacidade<\/strong><br>Estamos constantemente buscando aprimorar a experi\u00eancia de nossos clientes. Assim, nossas pr\u00e1ticas de tratamento de dados pessoais poder\u00e3o vir a sofrer altera\u00e7\u00f5es com a inclus\u00e3o de novas funcionalidades e servi\u00e7os, mas voc\u00ea ser\u00e1 comunicado.<\/p>\n\n\n\n<p><br><strong>11 &#8211; Legisla\u00e7\u00e3o e Foro<\/strong><br>Qualquer controv\u00e9rsia resultante das disposi\u00e7\u00f5es aqui tratadas, de seu conte\u00fado ou qualquer assunto relacionado, ou similar a ele, ser\u00e1 regido \u00fanica e exclusivamente pelas leis brasileiras, ficando, desde j\u00e1, eleito o Foro da Comarca de Aracaju\/SE para a resolu\u00e7\u00e3o de qualquer demanda, com exclus\u00e3o de qualquer outro por mais privilegiado que seja.<\/p>\n\n\n\n<p><br><strong>12 &#8211; Fale conosco<\/strong><br>Sempre que voc\u00ea tiver alguma d\u00favida sobre esta Pol\u00edtica de Privacidade, mesmo ap\u00f3s sua leitura, voc\u00ea poder\u00e1 interagir conosco atrav\u00e9s dos nossos canais de atendimento, cujo n\u00famero \u00e9 (51) 3500 &#8211; 0553, de segunda a sexta, das 9h \u00e0s 17h, ou diretamente e-mail do Encarregado de Dados: falecom@zapp.tec.br<\/p>\n\n\n\n<p><\/p>\n","protected":false},"excerpt":{"rendered":"<p>Pol\u00edtica de PrivacidadeQuando voc\u00ea acessa o nosso site, voc\u00ea nos fornece alguns dados pessoais com o objetivo de viabilizar a sua navega\u00e7\u00e3o e opera\u00e7\u00e3o. Caso o usu\u00e1rio n\u00e3o concorde com qualquer dado a ser fornecido, n\u00e3o dever\u00e1 prosseguir com o acesso ao site. N\u00f3s prezamos pela seguran\u00e7a dos seus dados, pelo respeito a sua privacidade [&hellip;]<\/p>\n","protected":false},"author":1,"featured_media":0,"parent":0,"menu_order":0,"comment_status":"closed","ping_status":"closed","template":"","meta":{"_monsterinsights_skip_tracking":false,"_monsterinsights_sitenote_active":false,"_monsterinsights_sitenote_note":"","_monsterinsights_sitenote_category":0,"footnotes":""},"class_list":["post-3458","page","type-page","status-publish","hentry"],"_links":{"self":[{"href":"https:\/\/multigrow.tec.br\/index.php?rest_route=\/wp\/v2\/pages\/3458","targetHints":{"allow":["GET"]}}],"collection":[{"href":"https:\/\/multigrow.tec.br\/index.php?rest_route=\/wp\/v2\/pages"}],"about":[{"href":"https:\/\/multigrow.tec.br\/index.php?rest_route=\/wp\/v2\/types\/page"}],"author":[{"embeddable":true,"href":"https:\/\/multigrow.tec.br\/index.php?rest_route=\/wp\/v2\/users\/1"}],"replies":[{"embeddable":true,"href":"https:\/\/multigrow.tec.br\/index.php?rest_route=%2Fwp%2Fv2%2Fcomments&post=3458"}],"version-history":[{"count":1,"href":"https:\/\/multigrow.tec.br\/index.php?rest_route=\/wp\/v2\/pages\/3458\/revisions"}],"predecessor-version":[{"id":3459,"href":"https:\/\/multigrow.tec.br\/index.php?rest_route=\/wp\/v2\/pages\/3458\/revisions\/3459"}],"wp:attachment":[{"href":"https:\/\/multigrow.tec.br\/index.php?rest_route=%2Fwp%2Fv2%2Fmedia&parent=3458"}],"curies":[{"name":"wp","href":"https:\/\/api.w.org\/{rel}","templated":true}]}}