{"id":4429,"date":"2024-02-17T14:17:29","date_gmt":"2024-02-17T17:17:29","guid":{"rendered":"https:\/\/multigrow.tec.br\/?page_id=4429"},"modified":"2025-11-21T09:42:30","modified_gmt":"2025-11-21T12:42:30","slug":"solicitar-teste-gratis","status":"publish","type":"page","link":"https:\/\/multigrow.tec.br\/?page_id=4429","title":{"rendered":"Demonstra\u00e7\u00e3o Gr\u00e1tis"},"content":{"rendered":"\n<p>Nossa apresenta\u00e7\u00e3o \u00e9 r\u00e1pida e objetiva, leva de 20 a 30 minutos para lhe mostrar como o MultiGrow pode otimizar seu atendimento e aumentar suas vendas, favor escolher no calend\u00e1rio abaixo, melhor dia e hor\u00e1rio.<\/p>\n\n\n\n<!-- Widget em linha do Calendly - in\u00edcio -->\n<div class=\"calendly-inline-widget\" data-url=\"https:\/\/calendly.com\/multi-grow\/demonstracao-de-30min-k?primary_color=3639a4\" style=\"min-width:320px;height:700px;\"><\/div>\n<script type=\"text\/javascript\" src=\"https:\/\/assets.calendly.com\/assets\/external\/widget.js\" async><\/script>\n<!-- Widget em linha do Calendly - fim -->\n","protected":false},"excerpt":{"rendered":"<p>Nossa apresenta\u00e7\u00e3o \u00e9 r\u00e1pida e objetiva, leva de 20 a 30 minutos para lhe mostrar como o MultiGrow pode otimizar seu atendimento e aumentar suas vendas, favor escolher no calend\u00e1rio abaixo, melhor dia e hor\u00e1rio.<\/p>\n","protected":false},"author":1,"featured_media":0,"parent":0,"menu_order":0,"comment_status":"closed","ping_status":"closed","template":"","meta":{"_monsterinsights_skip_tracking":false,"_monsterinsights_sitenote_active":false,"_monsterinsights_sitenote_note":"","_monsterinsights_sitenote_category":0,"footnotes":""},"class_list":["post-4429","page","type-page","status-publish","hentry"],"_links":{"self":[{"href":"https:\/\/multigrow.tec.br\/index.php?rest_route=\/wp\/v2\/pages\/4429","targetHints":{"allow":["GET"]}}],"collection":[{"href":"https:\/\/multigrow.tec.br\/index.php?rest_route=\/wp\/v2\/pages"}],"about":[{"href":"https:\/\/multigrow.tec.br\/index.php?rest_route=\/wp\/v2\/types\/page"}],"author":[{"embeddable":true,"href":"https:\/\/multigrow.tec.br\/index.php?rest_route=\/wp\/v2\/users\/1"}],"replies":[{"embeddable":true,"href":"https:\/\/multigrow.tec.br\/index.php?rest_route=%2Fwp%2Fv2%2Fcomments&post=4429"}],"version-history":[{"count":7,"href":"https:\/\/multigrow.tec.br\/index.php?rest_route=\/wp\/v2\/pages\/4429\/revisions"}],"predecessor-version":[{"id":5223,"href":"https:\/\/multigrow.tec.br\/index.php?rest_route=\/wp\/v2\/pages\/4429\/revisions\/5223"}],"wp:attachment":[{"href":"https:\/\/multigrow.tec.br\/index.php?rest_route=%2Fwp%2Fv2%2Fmedia&parent=4429"}],"curies":[{"name":"wp","href":"https:\/\/api.w.org\/{rel}","templated":true}]}}