{"id":5088,"date":"2025-06-11T14:30:43","date_gmt":"2025-06-11T17:30:43","guid":{"rendered":"https:\/\/multigrow.tec.br\/?page_id=5088"},"modified":"2026-01-19T08:42:42","modified_gmt":"2026-01-19T11:42:42","slug":"revenda","status":"publish","type":"page","link":"https:\/\/multigrow.tec.br\/?page_id=5088","title":{"rendered":"Revenda"},"content":{"rendered":"\t\t<div data-elementor-type=\"wp-page\" data-elementor-id=\"5088\" class=\"elementor elementor-5088\" data-elementor-settings=\"[]\">\n\t\t\t\t\t\t\t<div class=\"elementor-section-wrap\">\n\t\t\t\t\t\t\t<div class=\"elementor-section elementor-top-section elementor-element elementor-element-abad328 elementor-section-stretched elementor-section-full_width shape_bg elementor-section-height-default elementor-section-height-default\" data-id=\"abad328\" data-element_type=\"section\" data-settings=\"{&quot;stretch_section&quot;:&quot;section-stretched&quot;,&quot;background_background&quot;:&quot;classic&quot;}\">\n\t\t\t\t\t\t<div class=\"elementor-container elementor-column-gap-default\">\n\t\t\t\t\t<div class=\"elementor-column elementor-col-100 elementor-top-column elementor-element elementor-element-87c4ba4\" data-id=\"87c4ba4\" data-element_type=\"column\">\n\t\t\t<div class=\"elementor-widget-wrap elementor-element-populated\">\n\t\t\t\t\t\t\t\t<section class=\"elementor-section elementor-inner-section elementor-element elementor-element-774964b elementor-section-content-middle elementor-section-boxed elementor-section-height-default elementor-section-height-default\" data-id=\"774964b\" data-element_type=\"section\">\n\t\t\t\t\t\t<div class=\"elementor-container elementor-column-gap-default\">\n\t\t\t\t\t<div class=\"elementor-column elementor-col-50 elementor-inner-column elementor-element elementor-element-baca46c\" data-id=\"baca46c\" data-element_type=\"column\">\n\t\t\t<div class=\"elementor-widget-wrap elementor-element-populated\">\n\t\t\t\t\t\t\t\t<div class=\"elementor-element elementor-element-48badf0 elementor-widget elementor-widget-section_title\" data-id=\"48badf0\" data-element_type=\"widget\" data-widget_type=\"section_title.default\">\n\t\t\t\t<div class=\"elementor-widget-container\">\n\t\t\t<div class=\" title-box\"><span>Temos dois Modelos Revenda Direta e White Label<\/span><h2 class=\"title\">Torne-se Refer\u00eancia no Mercado de WhatsApp<\/h2><p>Expanda seus neg\u00f3cios com a solu\u00e7\u00e3o l\u00edder em relacionamento via WhatsApp. Ofere\u00e7a aos seus clientes uma plataforma inteligente, personaliz\u00e1vel e de alto desempenho, que potencializa a comunica\u00e7\u00e3o e gera resultados reais.<\/p><\/div>\t\t<\/div>\n\t\t\t\t<\/div>\n\t\t\t\t<div class=\"elementor-element elementor-element-ad00cf3 elementor-widget elementor-widget-talkie_fancybox\" data-id=\"ad00cf3\" data-element_type=\"widget\" data-widget_type=\"talkie_fancybox.default\">\n\t\t\t\t<div class=\"elementor-widget-container\">\n\t\t\t<div class=\"iq-fancy-box\">\t<div class=\"feature-box-effect box-effect  wow fadeInUp  \">\n\n\t\t<div class=\"iq-icon mb-4\" style=\"border-color:; color: ;  \">\n\t\t\t<i aria-hidden=\"true\" class=\"ion ion-person-stalker\"><\/i>\t\t<\/div>\n\n\t\t<div class=\"feature-info\">\n\t\t\t<h5 class=\"mb-2 title\"> Voc\u00ea fatura direto ao seu cliente<\/h5>\n\t\t\t<p class=\"mb-0 desc\">N\u00f3s fornecemos as licen\u00e7as a pre\u00e7o de custo e voc\u00ea revende a seus clientes com seu pre\u00e7o<\/p>\n\n\n\t\t<\/div>\n\n\t<\/div>\n<\/div>\t\t<\/div>\n\t\t\t\t<\/div>\n\t\t\t\t<div class=\"elementor-element elementor-element-510b08d elementor-widget elementor-widget-talkie_fancybox\" data-id=\"510b08d\" data-element_type=\"widget\" data-widget_type=\"talkie_fancybox.default\">\n\t\t\t\t<div class=\"elementor-widget-container\">\n\t\t\t<div class=\"iq-fancy-box\">\t<div class=\"feature-box-effect box-effect  wow fadeInUp  \">\n\n\t\t<div class=\"iq-icon mb-4\" style=\"border-color:; color: ;  \">\n\t\t\t<i aria-hidden=\"true\" class=\"ion ion-android-pin\"><\/i>\t\t<\/div>\n\n\t\t<div class=\"feature-info\">\n\t\t\t<h5 class=\"mb-2 title\"> Data Center no Brasil<\/h5>\n\t\t\t<p class=\"mb-0 desc\">Velocidade no acesso aos dados, cloud exclusivo para cada revenda, e ainda poder\u00e1 adicionar proxy exclusivo para cada canal conectado.<\/p>\n\n\n\t\t<\/div>\n\n\t<\/div>\n<\/div>\t\t<\/div>\n\t\t\t\t<\/div>\n\t\t\t\t\t<\/div>\n\t\t<\/div>\n\t\t\t\t<div class=\"elementor-column elementor-col-50 elementor-inner-column elementor-element elementor-element-3165edf\" data-id=\"3165edf\" data-element_type=\"column\">\n\t\t\t<div class=\"elementor-widget-wrap elementor-element-populated\">\n\t\t\t\t\t\t\t\t<div class=\"elementor-element elementor-element-0475858 elementor-widget elementor-widget-section_title\" data-id=\"0475858\" data-element_type=\"widget\" data-widget_type=\"section_title.default\">\n\t\t\t\t<div class=\"elementor-widget-container\">\n\t\t\t<div class=\" title-box\"><span>Atualiza\u00e7\u00f5es todo m\u00eas, novidades e melhorias constantes<\/span><h2 class=\"title\">Agregue mais esta solu\u00e7\u00e3o ao seu portif\u00f3lio<\/h2><p>Cobre pelo setup e defina os valores dos  mensais de acordo com com cada cliente, ofere\u00e7a outros servi\u00e7os como Chatbot N8N, Integra\u00e7\u00e3o com IA, Telefonia VOIP e muito mais.<\/p><\/div>\t\t<\/div>\n\t\t\t\t<\/div>\n\t\t\t\t<div class=\"elementor-element elementor-element-649cb27 elementor-widget elementor-widget-heading\" data-id=\"649cb27\" data-element_type=\"widget\" data-widget_type=\"heading.default\">\n\t\t\t\t<div class=\"elementor-widget-container\">\n\t\t\t<style>\/*! elementor - v3.5.5 - 03-02-2022 *\/\n.elementor-heading-title{padding:0;margin:0;line-height:1}.elementor-widget-heading .elementor-heading-title[class*=elementor-size-]>a{color:inherit;font-size:inherit;line-height:inherit}.elementor-widget-heading .elementor-heading-title.elementor-size-small{font-size:15px}.elementor-widget-heading .elementor-heading-title.elementor-size-medium{font-size:19px}.elementor-widget-heading .elementor-heading-title.elementor-size-large{font-size:29px}.elementor-widget-heading .elementor-heading-title.elementor-size-xl{font-size:39px}.elementor-widget-heading .elementor-heading-title.elementor-size-xxl{font-size:59px}<\/style><h2 class=\"elementor-heading-title elementor-size-default\">Cadastro para novas revendas<\/h2>\t\t<\/div>\n\t\t\t\t<\/div>\n\t\t\t\t<div class=\"elementor-element elementor-element-90ba176 elementor-widget elementor-widget-wpforms\" data-id=\"90ba176\" data-element_type=\"widget\" data-widget_type=\"wpforms.default\">\n\t\t\t\t<div class=\"elementor-widget-container\">\n\t\t\t<div class=\"wpforms-container wpforms-container-full\" id=\"wpforms-3180\"><form id=\"wpforms-form-3180\" class=\"wpforms-validate wpforms-form wpforms-ajax-form\" data-formid=\"3180\" method=\"post\" enctype=\"multipart\/form-data\" action=\"\/index.php?rest_route=%2Fwp%2Fv2%2Fpages%2F5088\" data-token=\"c5d284c073b53c517cb5020f6e7a9f01\"><noscript class=\"wpforms-error-noscript\">Ative o JavaScript no seu navegador para preencher este formul\u00e1rio.<\/noscript><div class=\"wpforms-field-container\"><div id=\"wpforms-3180-field_0-container\" class=\"wpforms-field wpforms-field-name\" data-field-id=\"0\"><label class=\"wpforms-field-label\" for=\"wpforms-3180-field_0\">Nome <span class=\"wpforms-required-label\">*<\/span><\/label><input type=\"text\" id=\"wpforms-3180-field_0\" class=\"wpforms-field-medium wpforms-field-required\" name=\"wpforms[fields][0]\" required><\/div><div id=\"wpforms-3180-field_4-container\" class=\"wpforms-field wpforms-field-text\" data-field-id=\"4\"><label class=\"wpforms-field-label\" for=\"wpforms-3180-field_4\">Empresa <span class=\"wpforms-required-label\">*<\/span><\/label><input type=\"text\" id=\"wpforms-3180-field_4\" class=\"wpforms-field-medium wpforms-field-required\" name=\"wpforms[fields][4]\" required><\/div><div id=\"wpforms-3180-field_7-container\" class=\"wpforms-field wpforms-field-text\" data-field-id=\"7\"><label class=\"wpforms-field-label\" for=\"wpforms-3180-field_7\">Cidade \/ UF <span class=\"wpforms-required-label\">*<\/span><\/label><input type=\"text\" id=\"wpforms-3180-field_7\" class=\"wpforms-field-medium wpforms-field-required\" name=\"wpforms[fields][7]\" required><\/div><div id=\"wpforms-3180-field_6-container\" class=\"wpforms-field wpforms-field-text\" data-field-id=\"6\"><label class=\"wpforms-field-label\" for=\"wpforms-3180-field_6\">CNPJ <span class=\"wpforms-required-label\">*<\/span><\/label><input type=\"text\" id=\"wpforms-3180-field_6\" class=\"wpforms-field-medium wpforms-field-required\" name=\"wpforms[fields][6]\" required><\/div><div id=\"wpforms-3180-field_5-container\" class=\"wpforms-field wpforms-field-text\" data-field-id=\"5\"><label class=\"wpforms-field-label\" for=\"wpforms-3180-field_5\">N\u00famero do Whatsapp <span class=\"wpforms-required-label\">*<\/span><\/label><input type=\"text\" id=\"wpforms-3180-field_5\" class=\"wpforms-field-medium wpforms-field-required\" name=\"wpforms[fields][5]\" required><\/div><div id=\"wpforms-3180-field_1-container\" class=\"wpforms-field wpforms-field-email\" data-field-id=\"1\"><label class=\"wpforms-field-label\" for=\"wpforms-3180-field_1\">Email <span class=\"wpforms-required-label\">*<\/span><\/label><input type=\"email\" id=\"wpforms-3180-field_1\" class=\"wpforms-field-medium wpforms-field-required\" name=\"wpforms[fields][1]\" spellcheck=\"false\" required><\/div><div id=\"wpforms-3180-field_2-container\" class=\"wpforms-field wpforms-field-textarea\" data-field-id=\"2\"><label class=\"wpforms-field-label\" for=\"wpforms-3180-field_2\">Fale um pouco sobre sua empresa <span class=\"wpforms-required-label\">*<\/span><\/label><textarea id=\"wpforms-3180-field_2\" class=\"wpforms-field-medium wpforms-field-required\" name=\"wpforms[fields][2]\" required><\/textarea><div class=\"wpforms-field-description\">Servi\u00e7os prestados e ou softwares revendidos, quantidade de clientes<\/div><\/div><\/div><!-- .wpforms-field-container --><div class=\"wpforms-recaptcha-container wpforms-is-recaptcha\" ><div class=\"g-recaptcha\" data-sitekey=\"6Lcu9RsTAAAAAC0fxZIhdvoxwN9pQMlpE9lMtAUX\"><\/div><input type=\"text\" name=\"g-recaptcha-hidden\" class=\"wpforms-recaptcha-hidden\" style=\"position:absolute!important;clip:rect(0,0,0,0)!important;height:1px!important;width:1px!important;border:0!important;overflow:hidden!important;padding:0!important;margin:0!important;\" data-rule-recaptcha=\"1\"><\/div><div class=\"wpforms-submit-container\" ><input type=\"hidden\" name=\"wpforms[id]\" value=\"3180\"><input type=\"hidden\" name=\"wpforms[author]\" value=\"1\"><button type=\"submit\" name=\"wpforms[submit]\" id=\"wpforms-submit-3180\" class=\"wpforms-submit\" data-alt-text=\"Sending...\" data-submit-text=\"Enviar\" aria-live=\"assertive\" value=\"wpforms-submit\">Enviar<\/button><img decoding=\"async\" src=\"https:\/\/multigrow.tec.br\/wp-content\/plugins\/wpforms\/assets\/images\/submit-spin.svg\" class=\"wpforms-submit-spinner\" style=\"display: none;\" width=\"26\" height=\"26\" alt=\"A Carregar\"><\/div><\/form><\/div>  <!-- .wpforms-container -->\t\t<\/div>\n\t\t\t\t<\/div>\n\t\t\t\t\t<\/div>\n\t\t<\/div>\n\t\t\t\t\t\t\t<\/div>\n\t\t<\/section>\n\t\t\t\t\t<\/div>\n\t\t<\/div>\n\t\t\t\t\t\t\t<\/div>\n\t\t<\/div>\n\t\t\t\t<section class=\"elementor-section elementor-top-section elementor-element elementor-element-ad0ee47 elementor-section-boxed elementor-section-height-default elementor-section-height-default\" data-id=\"ad0ee47\" data-element_type=\"section\">\n\t\t\t\t\t\t<div class=\"elementor-container elementor-column-gap-default\">\n\t\t\t\t\t<div class=\"elementor-column elementor-col-100 elementor-top-column elementor-element elementor-element-152fb5b\" data-id=\"152fb5b\" data-element_type=\"column\">\n\t\t\t<div class=\"elementor-widget-wrap\">\n\t\t\t\t\t\t\t\t\t<\/div>\n\t\t<\/div>\n\t\t\t\t\t\t\t<\/div>\n\t\t<\/section>\n\t\t\t\t<section class=\"elementor-section elementor-top-section elementor-element elementor-element-7c30d99 elementor-section-boxed elementor-section-height-default elementor-section-height-default\" data-id=\"7c30d99\" data-element_type=\"section\">\n\t\t\t\t\t\t<div class=\"elementor-container elementor-column-gap-default\">\n\t\t\t\t\t<div class=\"elementor-column elementor-col-100 elementor-top-column elementor-element elementor-element-63e0beb\" data-id=\"63e0beb\" data-element_type=\"column\">\n\t\t\t<div class=\"elementor-widget-wrap elementor-element-populated\">\n\t\t\t\t\t\t\t\t<div class=\"elementor-element elementor-element-3a778e4 elementor-widget elementor-widget-heading\" data-id=\"3a778e4\" data-element_type=\"widget\" data-widget_type=\"heading.default\">\n\t\t\t\t<div class=\"elementor-widget-container\">\n\t\t\t<h2 class=\"elementor-heading-title elementor-size-default\">Entre em contato com uma de nossas Revendas<\/h2>\t\t<\/div>\n\t\t\t\t<\/div>\n\t\t\t\t\t<\/div>\n\t\t<\/div>\n\t\t\t\t\t\t\t<\/div>\n\t\t<\/section>\n\t\t\t\t<section class=\"elementor-section elementor-top-section elementor-element elementor-element-58acce5 elementor-section-boxed elementor-section-height-default elementor-section-height-default\" data-id=\"58acce5\" data-element_type=\"section\">\n\t\t\t\t\t\t<div class=\"elementor-container elementor-column-gap-default\">\n\t\t\t\t\t<div class=\"elementor-column elementor-col-25 elementor-top-column elementor-element elementor-element-3ed687c\" data-id=\"3ed687c\" data-element_type=\"column\">\n\t\t\t<div class=\"elementor-widget-wrap elementor-element-populated\">\n\t\t\t\t\t\t\t\t<div class=\"elementor-element elementor-element-1abf44f elementor-widget elementor-widget-wp-widget-custom_html\" data-id=\"1abf44f\" data-element_type=\"widget\" data-widget_type=\"wp-widget-custom_html.default\">\n\t\t\t\t<div class=\"elementor-widget-container\">\n\t\t\t<h5>FVS Solution<\/h5><div class=\"textwidget custom-html-widget\"><img>\r\n<br>\r\n31 98573-2002 \/ 31 3831-8116<br>\r\ncontato@fvssolution.com<br>\r\nItabira - MG\r\n<\/div>\t\t<\/div>\n\t\t\t\t<\/div>\n\t\t\t\t\t<\/div>\n\t\t<\/div>\n\t\t\t\t<div class=\"elementor-column elementor-col-25 elementor-top-column elementor-element elementor-element-a9c0c59\" data-id=\"a9c0c59\" data-element_type=\"column\">\n\t\t\t<div class=\"elementor-widget-wrap elementor-element-populated\">\n\t\t\t\t\t\t\t\t<div class=\"elementor-element elementor-element-12c67ca elementor-widget elementor-widget-wp-widget-custom_html\" data-id=\"12c67ca\" data-element_type=\"widget\" data-widget_type=\"wp-widget-custom_html.default\">\n\t\t\t\t<div class=\"elementor-widget-container\">\n\t\t\t<h5>Infosmart<\/h5><div class=\"textwidget custom-html-widget\"><img>\r\n<br>\r\n15 98148-3440 \/ 15 99112-1819\r\neduardo@infosmart.tec.br<br>\r\nSorocaba-SP\r\n<\/div>\t\t<\/div>\n\t\t\t\t<\/div>\n\t\t\t\t\t<\/div>\n\t\t<\/div>\n\t\t\t\t<div class=\"elementor-column elementor-col-25 elementor-top-column elementor-element elementor-element-75e67fc\" data-id=\"75e67fc\" data-element_type=\"column\">\n\t\t\t<div class=\"elementor-widget-wrap\">\n\t\t\t\t\t\t\t\t\t<\/div>\n\t\t<\/div>\n\t\t\t\t<div class=\"elementor-column elementor-col-25 elementor-top-column elementor-element elementor-element-1a58478\" data-id=\"1a58478\" data-element_type=\"column\">\n\t\t\t<div class=\"elementor-widget-wrap elementor-element-populated\">\n\t\t\t\t\t\t\t\t<div class=\"elementor-element elementor-element-c847147 elementor-widget elementor-widget-wp-widget-custom_html\" data-id=\"c847147\" data-element_type=\"widget\" data-widget_type=\"wp-widget-custom_html.default\">\n\t\t\t\t<div class=\"elementor-widget-container\">\n\t\t\t<h5>Kadan Sistemas<\/h5><div class=\"textwidget custom-html-widget\"><img decoding=\"async\" src=\"https:\/\/multigrow.tec.br\/wp-content\/uploads\/2023\/12\/danilo.jpg\" style=\"height: 200px\">\r\n<br>\r\n16 99639-9926<br>\r\ncontato@fvssolution.com<br>\r\nFranca - SP\r\n<\/div>\t\t<\/div>\n\t\t\t\t<\/div>\n\t\t\t\t\t<\/div>\n\t\t<\/div>\n\t\t\t\t\t\t\t<\/div>\n\t\t<\/section>\n\t\t\t\t\t\t<\/div>\n\t\t\t\t\t<\/div>\n\t\t","protected":false},"excerpt":{"rendered":"<p>Temos dois Modelos Revenda Direta e White Label Torne-se Refer\u00eancia no Mercado de WhatsApp Expanda seus neg\u00f3cios com a solu\u00e7\u00e3o l\u00edder em relacionamento via WhatsApp. Ofere\u00e7a aos seus clientes uma plataforma inteligente, personaliz\u00e1vel e de alto desempenho, que potencializa a comunica\u00e7\u00e3o e gera resultados reais. Voc\u00ea fatura direto ao seu cliente N\u00f3s fornecemos as licen\u00e7as [&hellip;]<\/p>\n","protected":false},"author":1,"featured_media":0,"parent":0,"menu_order":0,"comment_status":"closed","ping_status":"closed","template":"","meta":{"_monsterinsights_skip_tracking":false,"_monsterinsights_sitenote_active":false,"_monsterinsights_sitenote_note":"","_monsterinsights_sitenote_category":0,"footnotes":""},"class_list":["post-5088","page","type-page","status-publish","hentry"],"_links":{"self":[{"href":"https:\/\/multigrow.tec.br\/index.php?rest_route=\/wp\/v2\/pages\/5088","targetHints":{"allow":["GET"]}}],"collection":[{"href":"https:\/\/multigrow.tec.br\/index.php?rest_route=\/wp\/v2\/pages"}],"about":[{"href":"https:\/\/multigrow.tec.br\/index.php?rest_route=\/wp\/v2\/types\/page"}],"author":[{"embeddable":true,"href":"https:\/\/multigrow.tec.br\/index.php?rest_route=\/wp\/v2\/users\/1"}],"replies":[{"embeddable":true,"href":"https:\/\/multigrow.tec.br\/index.php?rest_route=%2Fwp%2Fv2%2Fcomments&post=5088"}],"version-history":[{"count":64,"href":"https:\/\/multigrow.tec.br\/index.php?rest_route=\/wp\/v2\/pages\/5088\/revisions"}],"predecessor-version":[{"id":5371,"href":"https:\/\/multigrow.tec.br\/index.php?rest_route=\/wp\/v2\/pages\/5088\/revisions\/5371"}],"wp:attachment":[{"href":"https:\/\/multigrow.tec.br\/index.php?rest_route=%2Fwp%2Fv2%2Fmedia&parent=5088"}],"curies":[{"name":"wp","href":"https:\/\/api.w.org\/{rel}","templated":true}]}}