{"id":981,"date":"2019-12-28T08:48:32","date_gmt":"2019-12-28T11:48:32","guid":{"rendered":"https:\/\/wordpress.iqonic.design\/talkie\/?page_id=981"},"modified":"2026-01-15T09:41:03","modified_gmt":"2026-01-15T12:41:03","slug":"pricing-plan-2","status":"publish","type":"page","link":"https:\/\/multigrow.tec.br\/?page_id=981","title":{"rendered":"Pre\u00e7os"},"content":{"rendered":"\t\t<div data-elementor-type=\"wp-page\" data-elementor-id=\"981\" class=\"elementor elementor-981\" data-elementor-settings=\"[]\">\n\t\t\t\t\t\t\t<div class=\"elementor-section-wrap\">\n\t\t\t\t\t\t\t<div class=\"elementor-section elementor-top-section elementor-element elementor-element-05040ed elementor-section-stretched elementor-section-boxed elementor-section-height-default elementor-section-height-default\" data-id=\"05040ed\" data-element_type=\"section\" data-settings=\"{&quot;stretch_section&quot;:&quot;section-stretched&quot;,&quot;background_background&quot;:&quot;classic&quot;}\">\n\t\t\t\t\t\t<div class=\"elementor-container elementor-column-gap-default\">\n\t\t\t\t\t<div class=\"elementor-column elementor-col-100 elementor-top-column elementor-element elementor-element-c981312\" data-id=\"c981312\" data-element_type=\"column\">\n\t\t\t<div class=\"elementor-widget-wrap elementor-element-populated\">\n\t\t\t\t\t\t\t\t<section class=\"elementor-section elementor-inner-section elementor-element elementor-element-5648a0c elementor-section-boxed elementor-section-height-default elementor-section-height-default\" data-id=\"5648a0c\" data-element_type=\"section\">\n\t\t\t\t\t\t<div class=\"elementor-container elementor-column-gap-default\">\n\t\t\t\t\t<div class=\"elementor-column elementor-col-100 elementor-inner-column elementor-element elementor-element-63bcfb7\" data-id=\"63bcfb7\" data-element_type=\"column\">\n\t\t\t<div class=\"elementor-widget-wrap elementor-element-populated\">\n\t\t\t\t\t\t\t\t<div class=\"elementor-element elementor-element-c7113bf elementor-widget elementor-widget-section_title\" data-id=\"c7113bf\" data-element_type=\"widget\" data-widget_type=\"section_title.default\">\n\t\t\t\t<div class=\"elementor-widget-container\">\n\t\t\t<div class=\"text-center title-box\"><span>Caso desejar solicite um plano personaliziado a nosso gerente de contas<\/span><h2 class=\"title\">Planos Pr\u00e9-pagos<\/h2><p>Planos sem fidelidade\n\n<\/p><\/div>\t\t<\/div>\n\t\t\t\t<\/div>\n\t\t\t\t<div class=\"elementor-element elementor-element-f19396e elementor-widget elementor-widget-heading\" data-id=\"f19396e\" data-element_type=\"widget\" data-widget_type=\"heading.default\">\n\t\t\t\t<div class=\"elementor-widget-container\">\n\t\t\t<style>\/*! elementor - v3.5.5 - 03-02-2022 *\/\n.elementor-heading-title{padding:0;margin:0;line-height:1}.elementor-widget-heading .elementor-heading-title[class*=elementor-size-]>a{color:inherit;font-size:inherit;line-height:inherit}.elementor-widget-heading .elementor-heading-title.elementor-size-small{font-size:15px}.elementor-widget-heading .elementor-heading-title.elementor-size-medium{font-size:19px}.elementor-widget-heading .elementor-heading-title.elementor-size-large{font-size:29px}.elementor-widget-heading .elementor-heading-title.elementor-size-xl{font-size:39px}.elementor-widget-heading .elementor-heading-title.elementor-size-xxl{font-size:59px}<\/style><h2 class=\"elementor-heading-title elementor-size-default\">Pagamento anual, ganha duas mensalidades de desconto<\/h2>\t\t<\/div>\n\t\t\t\t<\/div>\n\t\t\t\t\t<\/div>\n\t\t<\/div>\n\t\t\t\t\t\t\t<\/div>\n\t\t<\/section>\n\t\t\t\t<section class=\"elementor-section elementor-inner-section elementor-element elementor-element-54e6e3c elementor-section-boxed elementor-section-height-default elementor-section-height-default\" data-id=\"54e6e3c\" data-element_type=\"section\">\n\t\t\t\t\t\t<div class=\"elementor-container elementor-column-gap-default\">\n\t\t\t\t\t<div class=\"elementor-column elementor-col-33 elementor-inner-column elementor-element elementor-element-1c60592\" data-id=\"1c60592\" data-element_type=\"column\">\n\t\t\t<div class=\"elementor-widget-wrap elementor-element-populated\">\n\t\t\t\t\t\t\t\t<div class=\"elementor-element elementor-element-e169f8d elementor-widget elementor-widget-talkie_price\" data-id=\"e169f8d\" data-element_type=\"widget\" data-widget_type=\"talkie_price.default\">\n\t\t\t\t<div class=\"elementor-widget-container\">\n\t\t\t<div  class=\"iq-price-block iq-talkie-price text-center\">\n                    \n                  <div class=\"iq-price-info\">\n                    <p class=\"title\">B\u00e1sico<\/p>\n                    <h2 class=\"price\">R$ 299<\/h2>\n                    <p class=\"sub-title\">Mensais<\/p>\n                  <\/div>  \n                <ul class=\"iq-talkie-price-info\"><li class=\"\"><span>5 Usu\u00e1rios<\/span><\/li><li class=\"\"><span>Chatbot<\/span><\/li><li class=\"\"><span>Atendimentos ilimitados<\/span><\/li><li class=\"\"><span>Mensagens ilimitadas<\/span><\/li><li class=\"\"><span>Departamentos \/ Filas<\/span><\/li><li class=\"\"><span>Gera\u00e7\u00e3o de protocolo <\/span><\/li><li class=\"\"><span>Chat para atendimento humano<\/span><\/li><li class=\"\"><span>Dashboard de atendimentos<\/span><\/li><li class=\"\"><span>Api de integra\u00e7\u00e3o<\/span><\/li><li class=\"\"><span>1 N\u00famero de WhatsApp<\/span><\/li><li class=\"\"><span>Campanha\/Envio em Massa<\/span><\/li><li class=\"\"><span>Chat Interno<\/span><\/li><\/ul> <a class=\"button\" href=\"https:\/\/wa.me\/554135423458\">Testar Agora<\/a> <\/div>\t\t<\/div>\n\t\t\t\t<\/div>\n\t\t\t\t\t<\/div>\n\t\t<\/div>\n\t\t\t\t<div class=\"elementor-column elementor-col-33 elementor-inner-column elementor-element elementor-element-db418ff\" data-id=\"db418ff\" data-element_type=\"column\">\n\t\t\t<div class=\"elementor-widget-wrap elementor-element-populated\">\n\t\t\t\t\t\t\t\t<div class=\"elementor-element elementor-element-bac4e8c elementor-widget elementor-widget-talkie_price\" data-id=\"bac4e8c\" data-element_type=\"widget\" data-widget_type=\"talkie_price.default\">\n\t\t\t\t<div class=\"elementor-widget-container\">\n\t\t\t<div  class=\"iq-price-block iq-talkie-price text-center\">\n                    \n                  <div class=\"iq-price-info\">\n                    <p class=\"title\">Lite<\/p>\n                    <h2 class=\"price\">R$ 341,00<\/h2>\n                    <p class=\"sub-title\">Mensais<\/p>\n                  <\/div>  \n                <ul class=\"iq-talkie-price-info\"><li class=\"\"><span>5 Usu\u00e1rios<\/span><\/li><li class=\"\"><span>Chatbot<\/span><\/li><li class=\"\"><span>Atendimentos ilimitados<\/span><\/li><li class=\"\"><span>Mensagens ilimitadas<\/span><\/li><li class=\"\"><span>Departamentos \/ Filas<\/span><\/li><li class=\"\"><span>Gera\u00e7\u00e3o de protocolo <\/span><\/li><li class=\"\"><span>Chat para atendimento humano<\/span><\/li><li class=\"\"><span>Dashboard de atendimentos<\/span><\/li><li class=\"\"><span>Api de Integra\u00e7\u00e3o<\/span><\/li><li class=\"\"><span>1 N\u00famero de WhatsApp<\/span><\/li><li class=\"\"><span>Campanha\/Envio em Massa<\/span><\/li><li class=\"\"><span>Chat Interno<\/span><\/li><li class=\"\"><span>CRM NATIVO<\/span><\/li><\/ul> <a class=\"button\" href=\"https:\/\/wa.me\/554135423458\">Testar Agora<\/a> <\/div>\t\t<\/div>\n\t\t\t\t<\/div>\n\t\t\t\t\t<\/div>\n\t\t<\/div>\n\t\t\t\t<div class=\"elementor-column elementor-col-33 elementor-inner-column elementor-element elementor-element-0278f1b\" data-id=\"0278f1b\" data-element_type=\"column\">\n\t\t\t<div class=\"elementor-widget-wrap elementor-element-populated\">\n\t\t\t\t\t\t\t\t<div class=\"elementor-element elementor-element-685cb7f elementor-widget elementor-widget-talkie_price\" data-id=\"685cb7f\" data-element_type=\"widget\" data-widget_type=\"talkie_price.default\">\n\t\t\t\t<div class=\"elementor-widget-container\">\n\t\t\t<div  class=\"iq-price-block iq-talkie-price text-center\">\n                    \n                  <div class=\"iq-price-info\">\n                    <p class=\"title\">Plus<\/p>\n                    <h2 class=\"price\">R$ 396,00<\/h2>\n                    <p class=\"sub-title\">Mensais<\/p>\n                  <\/div>  \n                <ul class=\"iq-talkie-price-info\"><li class=\"\"><span>5 Usu\u00e1rios<\/span><\/li><li class=\"\"><span>Chatbot<\/span><\/li><li class=\"\"><span>Atendimentos ilimitados<\/span><\/li><li class=\"\"><span>Mensagens ilimitadas<\/span><\/li><li class=\"\"><span>Departamentos \/ Filas<\/span><\/li><li class=\"\"><span>Gera\u00e7\u00e3o de protocolo <\/span><\/li><li class=\"\"><span>Chat para atendimento humano<\/span><\/li><li class=\"\"><span>Dashboard de atendimentos<\/span><\/li><li class=\"\"><span>Api de Integra\u00e7\u00e3o<\/span><\/li><li class=\"\"><span>1 N\u00famero de WhatsApp<\/span><\/li><li class=\"\"><span>Campanha\/Lista de Transmiss\u00e3o<\/span><\/li><li class=\"\"><span>Chat Interno<\/span><\/li><li class=\"\"><span>CRM Nativo<\/span><\/li><li class=\"\"><span>Instagram (Direct)<\/span><\/li><\/ul> <a class=\"button\" href=\"https:\/\/wa.me\/554135423458\">Testar Agora<\/a> <\/div>\t\t<\/div>\n\t\t\t\t<\/div>\n\t\t\t\t\t<\/div>\n\t\t<\/div>\n\t\t\t\t\t\t\t<\/div>\n\t\t<\/section>\n\t\t\t\t<section class=\"elementor-section elementor-inner-section elementor-element elementor-element-aee4cf4 elementor-section-boxed elementor-section-height-default elementor-section-height-default\" data-id=\"aee4cf4\" data-element_type=\"section\">\n\t\t\t\t\t\t<div class=\"elementor-container elementor-column-gap-default\">\n\t\t\t\t\t<div class=\"elementor-column elementor-col-33 elementor-inner-column elementor-element elementor-element-67f31a3\" data-id=\"67f31a3\" data-element_type=\"column\">\n\t\t\t<div class=\"elementor-widget-wrap elementor-element-populated\">\n\t\t\t\t\t\t\t\t<div class=\"elementor-element elementor-element-5308bf3 elementor-widget elementor-widget-talkie_price\" data-id=\"5308bf3\" data-element_type=\"widget\" data-widget_type=\"talkie_price.default\">\n\t\t\t\t<div class=\"elementor-widget-container\">\n\t\t\t<div  class=\"iq-price-block iq-talkie-price text-center\">\n                    \n                  <div class=\"iq-price-info\">\n                    <p class=\"title\">Plano 10<\/p>\n                    <h2 class=\"price\">R$ 499<\/h2>\n                    <p class=\"sub-title\">Mensais<\/p>\n                  <\/div>  \n                <ul class=\"iq-talkie-price-info\"><li class=\"\"><span>10 Usu\u00e1rios<\/span><\/li><li class=\"\"><span>Chatbot<\/span><\/li><li class=\"\"><span>Atendimentos ilimitados<\/span><\/li><li class=\"\"><span>Mensagens ilimitadas<\/span><\/li><li class=\"\"><span>Departamentos \/ Filas<\/span><\/li><li class=\"\"><span>Gera\u00e7\u00e3o de protocolo <\/span><\/li><li class=\"\"><span>Chat para atendimento humano<\/span><\/li><li class=\"\"><span>Dashboard de atendimentos<\/span><\/li><li class=\"\"><span>Api de integra\u00e7\u00e3o<\/span><\/li><li class=\"\"><span>1 N\u00famero de WhatsApp<\/span><\/li><li class=\"\"><span>Campanha\/Envio em Massa<\/span><\/li><li class=\"\"><span>Chat Interno<\/span><\/li><li class=\"\"><span>Instagram (Direct)<\/span><\/li><li class=\"\"><span>CRM Nativo<\/span><\/li><\/ul> <a class=\"button\" href=\"https:\/\/wa.me\/554135423458\">Testar Agora<\/a> <\/div>\t\t<\/div>\n\t\t\t\t<\/div>\n\t\t\t\t\t<\/div>\n\t\t<\/div>\n\t\t\t\t<div class=\"elementor-column elementor-col-33 elementor-inner-column elementor-element elementor-element-34aacc0\" data-id=\"34aacc0\" data-element_type=\"column\">\n\t\t\t<div class=\"elementor-widget-wrap elementor-element-populated\">\n\t\t\t\t\t\t\t\t<div class=\"elementor-element elementor-element-1e835ef elementor-widget elementor-widget-talkie_price\" data-id=\"1e835ef\" data-element_type=\"widget\" data-widget_type=\"talkie_price.default\">\n\t\t\t\t<div class=\"elementor-widget-container\">\n\t\t\t<div  class=\"iq-price-block iq-talkie-price text-center\">\n                    \n                  <div class=\"iq-price-info\">\n                    <p class=\"title\">Plano 25<\/p>\n                    <h2 class=\"price\">R$ 799,00<\/h2>\n                    <p class=\"sub-title\">Mensais<\/p>\n                  <\/div>  \n                <ul class=\"iq-talkie-price-info\"><li class=\"\"><span>25 Usu\u00e1rios<\/span><\/li><li class=\"\"><span>Chatbot<\/span><\/li><li class=\"\"><span>Atendimentos ilimitados<\/span><\/li><li class=\"\"><span>Mensagens ilimitadas<\/span><\/li><li class=\"\"><span>Departamentos \/ Filas<\/span><\/li><li class=\"\"><span>Gera\u00e7\u00e3o de protocolo <\/span><\/li><li class=\"\"><span>Chat para atendimento humano<\/span><\/li><li class=\"\"><span>Dashboard de atendimentos<\/span><\/li><li class=\"\"><span>Api de Integra\u00e7\u00e3o<\/span><\/li><li class=\"\"><span>1 N\u00famero de WhatsApp<\/span><\/li><li class=\"\"><span>Campanha\/Envio em Massa<\/span><\/li><li class=\"\"><span>Chat Interno<\/span><\/li><li class=\"\"><span>Instagram (Direct)<\/span><\/li><li class=\"\"><span>CRM Nativo<\/span><\/li><\/ul> <a class=\"button\" href=\"https:\/\/wa.me\/554135423458\">Testar Agora<\/a> <\/div>\t\t<\/div>\n\t\t\t\t<\/div>\n\t\t\t\t\t<\/div>\n\t\t<\/div>\n\t\t\t\t<div class=\"elementor-column elementor-col-33 elementor-inner-column elementor-element elementor-element-036430c\" data-id=\"036430c\" data-element_type=\"column\">\n\t\t\t<div class=\"elementor-widget-wrap elementor-element-populated\">\n\t\t\t\t\t\t\t\t<div class=\"elementor-element elementor-element-6ffb387 elementor-widget elementor-widget-talkie_price\" data-id=\"6ffb387\" data-element_type=\"widget\" data-widget_type=\"talkie_price.default\">\n\t\t\t\t<div class=\"elementor-widget-container\">\n\t\t\t<div  class=\"iq-price-block iq-talkie-price text-center\">\n                    \n                  <div class=\"iq-price-info\">\n                    <p class=\"title\">Plano 50<\/p>\n                    <h2 class=\"price\">R$ 999,00<\/h2>\n                    <p class=\"sub-title\">Mensais<\/p>\n                  <\/div>  \n                <ul class=\"iq-talkie-price-info\"><li class=\"\"><span>50 Usu\u00e1rios<\/span><\/li><li class=\"\"><span>Chatbot<\/span><\/li><li class=\"\"><span>Atendimentos ilimitados<\/span><\/li><li class=\"\"><span>Mensagens ilimitadas<\/span><\/li><li class=\"\"><span>Departamentos \/ Filas<\/span><\/li><li class=\"\"><span>Gera\u00e7\u00e3o de protocolo <\/span><\/li><li class=\"\"><span>Chat para atendimento humano<\/span><\/li><li class=\"\"><span>Dashboard de atendimentos<\/span><\/li><li class=\"\"><span>Api de Integra\u00e7\u00e3o<\/span><\/li><li class=\"\"><span>1 N\u00famero de WhatsApp<\/span><\/li><li class=\"\"><span>Campanha\/Lista de Transmiss\u00e3o<\/span><\/li><li class=\"\"><span>Chat Interno<\/span><\/li><li class=\"\"><span>Instagram (Direct)<\/span><\/li><li class=\"\"><span>CRM Nativo<\/span><\/li><\/ul> <a class=\"button\" href=\"https:\/\/wa.me\/554135423458\">Testar Agora<\/a> <\/div>\t\t<\/div>\n\t\t\t\t<\/div>\n\t\t\t\t\t<\/div>\n\t\t<\/div>\n\t\t\t\t\t\t\t<\/div>\n\t\t<\/section>\n\t\t\t\t\t<\/div>\n\t\t<\/div>\n\t\t\t\t\t\t\t<\/div>\n\t\t<\/div>\n\t\t\t\t<section class=\"elementor-section elementor-top-section elementor-element elementor-element-4048591 elementor-section-boxed elementor-section-height-default elementor-section-height-default\" data-id=\"4048591\" data-element_type=\"section\">\n\t\t\t\t\t\t<div class=\"elementor-container elementor-column-gap-default\">\n\t\t\t\t\t<div class=\"elementor-column elementor-col-100 elementor-top-column elementor-element elementor-element-af165f5\" data-id=\"af165f5\" data-element_type=\"column\">\n\t\t\t<div class=\"elementor-widget-wrap elementor-element-populated\">\n\t\t\t\t\t\t\t\t<div class=\"elementor-element elementor-element-6d6f3b2 elementor-widget elementor-widget-heading\" data-id=\"6d6f3b2\" data-element_type=\"widget\" data-widget_type=\"heading.default\">\n\t\t\t\t<div class=\"elementor-widget-container\">\n\t\t\t<h2 class=\"elementor-heading-title elementor-size-default\">M\u00f3dulos e Recursos Extras<\/h2>\t\t<\/div>\n\t\t\t\t<\/div>\n\t\t\t\t\t<\/div>\n\t\t<\/div>\n\t\t\t\t\t\t\t<\/div>\n\t\t<\/section>\n\t\t\t\t<section class=\"elementor-section elementor-top-section elementor-element elementor-element-f6eaf2f elementor-section-boxed elementor-section-height-default elementor-section-height-default\" data-id=\"f6eaf2f\" data-element_type=\"section\">\n\t\t\t\t\t\t<div class=\"elementor-container elementor-column-gap-default\">\n\t\t\t\t\t<div class=\"elementor-column elementor-col-25 elementor-top-column elementor-element elementor-element-835e1b4\" data-id=\"835e1b4\" data-element_type=\"column\">\n\t\t\t<div class=\"elementor-widget-wrap elementor-element-populated\">\n\t\t\t\t\t\t\t\t<div class=\"elementor-element elementor-element-070e763 elementor-widget elementor-widget-talkie_fancybox\" data-id=\"070e763\" data-element_type=\"widget\" data-widget_type=\"talkie_fancybox.default\">\n\t\t\t\t<div class=\"elementor-widget-container\">\n\t\t\t<div class=\"iq-fancy-box\">\n\t<div class=\"iq-circle-box-shadow  wow fadeInUp text-center \">\n\n\t\t<div class=\"icon-box\">\n\t\t\t<div class=\"iq-icon mb-4\" style=\"border-color:; color: ;  \">\n\t\t\t\t<i aria-hidden=\"true\" class=\"ion ion-person-add\"><\/i>\t\t\t<\/div>\n\t\t<\/div>\n\n\t\t<h5 class=\"mb-2 title\"> Usu\u00e1rios Extras<\/h5>\n\t\t<p class=\"mb-0 desc\">Voc\u00ea pode adicionar quantos usu\u00e1rios extras desejar.\nSolicite os usu\u00e1rios extras ao nosso suporte.<\/p>\n\n\t<\/div>\n<\/div>\t\t<\/div>\n\t\t\t\t<\/div>\n\t\t\t\t<div class=\"elementor-element elementor-element-93d4700 elementor-widget elementor-widget-heading\" data-id=\"93d4700\" data-element_type=\"widget\" data-widget_type=\"heading.default\">\n\t\t\t\t<div class=\"elementor-widget-container\">\n\t\t\t<h5 class=\"elementor-heading-title elementor-size-default\">R$ 26,00 mensais por usu\u00e1rio<\/h5>\t\t<\/div>\n\t\t\t\t<\/div>\n\t\t\t\t\t<\/div>\n\t\t<\/div>\n\t\t\t\t<div class=\"elementor-column elementor-col-25 elementor-top-column elementor-element elementor-element-2cf744b\" data-id=\"2cf744b\" data-element_type=\"column\">\n\t\t\t<div class=\"elementor-widget-wrap elementor-element-populated\">\n\t\t\t\t\t\t\t\t<div class=\"elementor-element elementor-element-ea8ffe1 elementor-widget elementor-widget-talkie_fancybox\" data-id=\"ea8ffe1\" data-element_type=\"widget\" data-widget_type=\"talkie_fancybox.default\">\n\t\t\t\t<div class=\"elementor-widget-container\">\n\t\t\t<div class=\"iq-fancy-box\">\n\t<div class=\"iq-circle-box-shadow  wow fadeInUp text-center \">\n\n\t\t<div class=\"icon-box\">\n\t\t\t<div class=\"iq-icon mb-4\" style=\"border-color:; color: ;  \">\n\t\t\t\t<i aria-hidden=\"true\" class=\"fab fa-instagram\"><\/i>\t\t\t<\/div>\n\t\t<\/div>\n\n\t\t<h5 class=\"mb-2 title\"> Instagram\/Facebook Extra<\/h5>\n\t\t<p class=\"mb-0 desc\">Para adicionar um segundo canal de Direct  pelas redes sociais voc\u00eas paga um valor mensal e poder\u00e1 responder estas mensagens no mesmo painel de atendimento<\/p>\n\n\t<\/div>\n<\/div>\t\t<\/div>\n\t\t\t\t<\/div>\n\t\t\t\t<div class=\"elementor-element elementor-element-3ee9d26 elementor-widget elementor-widget-heading\" data-id=\"3ee9d26\" data-element_type=\"widget\" data-widget_type=\"heading.default\">\n\t\t\t\t<div class=\"elementor-widget-container\">\n\t\t\t<h5 class=\"elementor-heading-title elementor-size-default\">R$ 62,00 mensais por canal<\/h5>\t\t<\/div>\n\t\t\t\t<\/div>\n\t\t\t\t\t<\/div>\n\t\t<\/div>\n\t\t\t\t<div class=\"elementor-column elementor-col-25 elementor-top-column elementor-element elementor-element-d99a16e\" data-id=\"d99a16e\" data-element_type=\"column\">\n\t\t\t<div class=\"elementor-widget-wrap elementor-element-populated\">\n\t\t\t\t\t\t\t\t<div class=\"elementor-element elementor-element-fac3858 elementor-widget elementor-widget-talkie_fancybox\" data-id=\"fac3858\" data-element_type=\"widget\" data-widget_type=\"talkie_fancybox.default\">\n\t\t\t\t<div class=\"elementor-widget-container\">\n\t\t\t<div class=\"iq-fancy-box\">\n\t<div class=\"iq-circle-box-shadow  wow fadeInUp text-center \">\n\n\t\t<div class=\"icon-box\">\n\t\t\t<div class=\"iq-icon mb-4\" style=\"border-color:; color: ;  \">\n\t\t\t\t<i aria-hidden=\"true\" class=\"fas fa-calendar-check\"><\/i>\t\t\t<\/div>\n\t\t<\/div>\n\n\t\t<h5 class=\"mb-2 title\"> Agenda Integrada<\/h5>\n\t\t<p class=\"mb-0 desc\">Sistema de Agenda integrado, ideal para Clinicas, multi atendente, lembretes autom\u00e1ticos\n<\/p>\n\n\t<\/div>\n<\/div>\t\t<\/div>\n\t\t\t\t<\/div>\n\t\t\t\t<div class=\"elementor-element elementor-element-42c0ffe elementor-widget elementor-widget-heading\" data-id=\"42c0ffe\" data-element_type=\"widget\" data-widget_type=\"heading.default\">\n\t\t\t\t<div class=\"elementor-widget-container\">\n\t\t\t<h5 class=\"elementor-heading-title elementor-size-default\">R$ 80,00 mensais<\/h5>\t\t<\/div>\n\t\t\t\t<\/div>\n\t\t\t\t\t<\/div>\n\t\t<\/div>\n\t\t\t\t<div class=\"elementor-column elementor-col-25 elementor-top-column elementor-element elementor-element-ac9d94b\" data-id=\"ac9d94b\" data-element_type=\"column\">\n\t\t\t<div class=\"elementor-widget-wrap elementor-element-populated\">\n\t\t\t\t\t\t\t\t<div class=\"elementor-element elementor-element-799c82e elementor-widget elementor-widget-talkie_fancybox\" data-id=\"799c82e\" data-element_type=\"widget\" data-widget_type=\"talkie_fancybox.default\">\n\t\t\t\t<div class=\"elementor-widget-container\">\n\t\t\t<div class=\"iq-fancy-box\">\n\t<div class=\"iq-circle-box-shadow  wow fadeInUp text-center \">\n\n\t\t<div class=\"icon-box\">\n\t\t\t<div class=\"iq-icon mb-4\" style=\"border-color:; color: ;  \">\n\t\t\t\t<i aria-hidden=\"true\" class=\"fab fa-whatsapp\"><\/i>\t\t\t<\/div>\n\t\t<\/div>\n\n\t\t<h5 class=\"mb-2 title\"> N\u00famero de Whatsapp Extra<\/h5>\n\t\t<p class=\"mb-0 desc\">Caso desejar adicionar mais n\u00fameros de whatsapp na mesma plataforma. Crie fluxos por canais, ou adicione v\u00e1rios n\u00fameros em um mesmo fluxo.\n<\/p>\n\n\t<\/div>\n<\/div>\t\t<\/div>\n\t\t\t\t<\/div>\n\t\t\t\t<div class=\"elementor-element elementor-element-ed9acf4 elementor-widget elementor-widget-heading\" data-id=\"ed9acf4\" data-element_type=\"widget\" data-widget_type=\"heading.default\">\n\t\t\t\t<div class=\"elementor-widget-container\">\n\t\t\t<h5 class=\"elementor-heading-title elementor-size-default\">R$ 149,00 mensais por n\u00famero<\/h5>\t\t<\/div>\n\t\t\t\t<\/div>\n\t\t\t\t\t<\/div>\n\t\t<\/div>\n\t\t\t\t\t\t\t<\/div>\n\t\t<\/section>\n\t\t\t\t<section class=\"elementor-section elementor-top-section elementor-element elementor-element-2923286 elementor-section-boxed elementor-section-height-default elementor-section-height-default\" data-id=\"2923286\" data-element_type=\"section\">\n\t\t\t\t\t\t<div class=\"elementor-container elementor-column-gap-default\">\n\t\t\t\t\t<div class=\"elementor-column elementor-col-100 elementor-top-column elementor-element elementor-element-f53c285\" data-id=\"f53c285\" data-element_type=\"column\">\n\t\t\t<div class=\"elementor-widget-wrap elementor-element-populated\">\n\t\t\t\t\t\t\t\t<section class=\"elementor-section elementor-inner-section elementor-element elementor-element-0c45ae5 elementor-section-boxed elementor-section-height-default elementor-section-height-default\" data-id=\"0c45ae5\" data-element_type=\"section\">\n\t\t\t\t\t\t<div class=\"elementor-container elementor-column-gap-default\">\n\t\t\t\t\t<div class=\"elementor-column elementor-col-100 elementor-inner-column elementor-element elementor-element-d25b9e4\" data-id=\"d25b9e4\" data-element_type=\"column\">\n\t\t\t<div class=\"elementor-widget-wrap\">\n\t\t\t\t\t\t\t\t\t<\/div>\n\t\t<\/div>\n\t\t\t\t\t\t\t<\/div>\n\t\t<\/section>\n\t\t\t\t<div class=\"elementor-element elementor-element-a65aa2f elementor-widget elementor-widget-section_title\" data-id=\"a65aa2f\" data-element_type=\"widget\" data-widget_type=\"section_title.default\">\n\t\t\t\t<div class=\"elementor-widget-container\">\n\t\t\t<div class=\"text-center title-box\"><span>Setup via Meeting<\/span><h2 class=\"title\">Configura\u00e7\u00e3o e Treinamento<\/h2><p>Agende um setup com nossa equipe e lhe ajudaremos com todo processo de configura\u00e7\u00e3o e treinamento para usar a plataforma.<br>\n\nSer\u00e3o 3 meets (Reuni\u00f5es on-line), sendo:\n\n1\u00ba Migrar seu n\u00famero para Api Oficial, 2\u00ba Setup\/treinamento  e 3\u00ba Ajustes finos e tira d\u00favidas.<\/p><\/div>\t\t<\/div>\n\t\t\t\t<\/div>\n\t\t\t\t\t<\/div>\n\t\t<\/div>\n\t\t\t\t\t\t\t<\/div>\n\t\t<\/section>\n\t\t\t\t<section class=\"elementor-section elementor-top-section elementor-element elementor-element-7093aeb elementor-section-boxed elementor-section-height-default elementor-section-height-default\" data-id=\"7093aeb\" data-element_type=\"section\">\n\t\t\t\t\t\t<div class=\"elementor-container elementor-column-gap-default\">\n\t\t\t\t\t<div class=\"elementor-column elementor-col-100 elementor-top-column elementor-element elementor-element-cebce61\" data-id=\"cebce61\" data-element_type=\"column\">\n\t\t\t<div class=\"elementor-widget-wrap elementor-element-populated\">\n\t\t\t\t\t\t\t\t<div class=\"elementor-element elementor-element-4cd5ac9 elementor-widget elementor-widget-heading\" data-id=\"4cd5ac9\" data-element_type=\"widget\" data-widget_type=\"heading.default\">\n\t\t\t\t<div class=\"elementor-widget-container\">\n\t\t\t<h4 class=\"elementor-heading-title elementor-size-default\">Precisa de um plano com mais usu\u00e1rios ou ainda est\u00e1 com d\u00favidas, \u00e9 s\u00f3 clicar no bot\u00e3o do whatsapp e falar com nossos consultores<\/h4>\t\t<\/div>\n\t\t\t\t<\/div>\n\t\t\t\t\t<\/div>\n\t\t<\/div>\n\t\t\t\t\t\t\t<\/div>\n\t\t<\/section>\n\t\t\t\t\t\t<\/div>\n\t\t\t\t\t<\/div>\n\t\t","protected":false},"excerpt":{"rendered":"<p>Caso desejar solicite um plano personaliziado a nosso gerente de contas Planos Pr\u00e9-pagos Planos sem fidelidade Pagamento anual, ganha duas mensalidades de desconto B\u00e1sico R$ 299 Mensais 5 Usu\u00e1rios Chatbot Atendimentos ilimitados Mensagens ilimitadas Departamentos \/ Filas Gera\u00e7\u00e3o de protocolo Chat para atendimento humano Dashboard de atendimentos Api de integra\u00e7\u00e3o 1 N\u00famero de WhatsApp Campanha\/Envio [&hellip;]<\/p>\n","protected":false},"author":1,"featured_media":0,"parent":0,"menu_order":0,"comment_status":"closed","ping_status":"closed","template":"","meta":{"_monsterinsights_skip_tracking":false,"_monsterinsights_sitenote_active":false,"_monsterinsights_sitenote_note":"","_monsterinsights_sitenote_category":0,"footnotes":""},"class_list":["post-981","page","type-page","status-publish","hentry"],"_links":{"self":[{"href":"https:\/\/multigrow.tec.br\/index.php?rest_route=\/wp\/v2\/pages\/981","targetHints":{"allow":["GET"]}}],"collection":[{"href":"https:\/\/multigrow.tec.br\/index.php?rest_route=\/wp\/v2\/pages"}],"about":[{"href":"https:\/\/multigrow.tec.br\/index.php?rest_route=\/wp\/v2\/types\/page"}],"author":[{"embeddable":true,"href":"https:\/\/multigrow.tec.br\/index.php?rest_route=\/wp\/v2\/users\/1"}],"replies":[{"embeddable":true,"href":"https:\/\/multigrow.tec.br\/index.php?rest_route=%2Fwp%2Fv2%2Fcomments&post=981"}],"version-history":[{"count":827,"href":"https:\/\/multigrow.tec.br\/index.php?rest_route=\/wp\/v2\/pages\/981\/revisions"}],"predecessor-version":[{"id":5318,"href":"https:\/\/multigrow.tec.br\/index.php?rest_route=\/wp\/v2\/pages\/981\/revisions\/5318"}],"wp:attachment":[{"href":"https:\/\/multigrow.tec.br\/index.php?rest_route=%2Fwp%2Fv2%2Fmedia&parent=981"}],"curies":[{"name":"wp","href":"https:\/\/api.w.org\/{rel}","templated":true}]}}