{"id":3364,"date":"2022-09-09T22:52:00","date_gmt":"2022-09-10T01:52:00","guid":{"rendered":"https:\/\/zapp.tec.br\/site\/?post_type=product&#038;p=3364"},"modified":"2022-11-03T17:50:59","modified_gmt":"2022-11-03T20:50:59","slug":"zap-mkt-mensal","status":"publish","type":"product","link":"https:\/\/multigrow.tec.br\/?product=zap-mkt-mensal","title":{"rendered":"ZAP MKT Mensal"},"content":{"rendered":"<h2 class=\"title\">Extens\u00e3o Para Envio De Mensagens De Whatsapp Em Lote Pelo Navegador Chrome<\/h2>\n<p>Valida por 30 dias<\/p>\n<h4 class=\"title\">Simples De Usar<\/h4>\n<p class=\"desc\">Monte suas listas de envio de maneira simples:apenas copie e cole os nomes e n\u00fameros, importe um arquivo txt \/csv ou selecione seus contatos do Whatsapp<\/p>\n<p>&nbsp;<\/p>\n<h4 class=\"title\">Tempo Entre Os Envios<\/h4>\n<p class=\"desc\">Configure um intervalor de tempo entre as mensagens para evitar o banimento de seu n\u00famero<\/p>\n<p>&nbsp;<\/p>\n<h4 class=\"title\">Envio Pelo Pr\u00f3prio Whatsappweb<\/h4>\n<p class=\"desc\">A extens\u00e3o funciona integrada a p\u00e1gina do Whatsappweb, assim, seria como se estiver enviando a mensagem pelo pr\u00f3prio whatsapp e n\u00e3o por um rob\u00f4.<\/p>\n<p>&nbsp;<\/p>\n<h5 class=\"mb-2 title\">Ilimitado<\/h5>\n<p class=\"mb-0 desc\">O limite de envio e de destinat\u00e1rios \u00e9 o mesmo do whastappweb<\/p>\n<p>&nbsp;<\/p>\n<h5 class=\"mb-2 title\">Seguran\u00e7a<\/h5>\n<p class=\"mb-0 desc\">Criptografia de ponta a ponta, pois, estar\u00e1 utilizando o whatsappweb<\/p>\n<p>&nbsp;<\/p>\n<h5 class=\"mb-2 title\">F\u00e1cil Instala\u00e7\u00e3o<\/h5>\n<p class=\"mb-0 desc\">Para instalar precisa apenas descompactar a pasta e carregar a extens\u00e3o no navegador Chrome.<\/p>\n<p>&nbsp;<\/p>\n<p>&nbsp;<\/p>\n","protected":false},"excerpt":{"rendered":"<p>Ap\u00f3s fazer o download do arquivo, vai precisar extrair em seu computado,\u00a0 para descompactar ser\u00e1 necess\u00e1rio um programa extrator, caso n\u00e3o tiver, pode baixar o <a href=\"https:\/\/www.7-zip.org\/download.html\" target=\"_blank\" rel=\"noopener\">7Zip extrator<\/a><\/p>\n<p>&nbsp;<\/p>\n<p>Aqui tem um v\u00eddeo com o passo-a-passo da instala\u00e7\u00e3o:<\/p>\n<p>https:\/\/youtu.be\/1GiCfjjveBI<\/p>\n<p>&nbsp;<\/p>\n<p>&nbsp;<\/p>\n<p>Aqui tem um v\u00eddeo que ensina como ativar e utilizar a extens\u00e3o:<\/p>\n<p>https:\/\/www.youtube.com\/watch?v=SuEh8-D8FJc<\/p>\n<p>&nbsp;<\/p>\n<h3><span style=\"color: #ff0000;\">Clique no bot\u00e3o do PayPal para fazer sua compra<\/span><\/h3>\n","protected":false},"featured_media":3398,"comment_status":"open","ping_status":"closed","template":"","meta":{"_monsterinsights_skip_tracking":false,"_monsterinsights_sitenote_active":false,"_monsterinsights_sitenote_note":"","_monsterinsights_sitenote_category":0},"product_cat":[34],"product_tag":[],"class_list":{"0":"post-3364","1":"product","2":"type-product","3":"status-publish","4":"has-post-thumbnail","6":"product_cat-sem-categoria","8":"first","9":"instock","10":"downloadable","11":"virtual","12":"purchasable","13":"product-type-simple"},"_links":{"self":[{"href":"https:\/\/multigrow.tec.br\/index.php?rest_route=\/wp\/v2\/product\/3364","targetHints":{"allow":["GET"]}}],"collection":[{"href":"https:\/\/multigrow.tec.br\/index.php?rest_route=\/wp\/v2\/product"}],"about":[{"href":"https:\/\/multigrow.tec.br\/index.php?rest_route=\/wp\/v2\/types\/product"}],"replies":[{"embeddable":true,"href":"https:\/\/multigrow.tec.br\/index.php?rest_route=%2Fwp%2Fv2%2Fcomments&post=3364"}],"wp:featuredmedia":[{"embeddable":true,"href":"https:\/\/multigrow.tec.br\/index.php?rest_route=\/wp\/v2\/media\/3398"}],"wp:attachment":[{"href":"https:\/\/multigrow.tec.br\/index.php?rest_route=%2Fwp%2Fv2%2Fmedia&parent=3364"}],"wp:term":[{"taxonomy":"product_cat","embeddable":true,"href":"https:\/\/multigrow.tec.br\/index.php?rest_route=%2Fwp%2Fv2%2Fproduct_cat&post=3364"},{"taxonomy":"product_tag","embeddable":true,"href":"https:\/\/multigrow.tec.br\/index.php?rest_route=%2Fwp%2Fv2%2Fproduct_tag&post=3364"}],"curies":[{"name":"wp","href":"https:\/\/api.w.org\/{rel}","templated":true}]}}